{"id":342,"date":"2017-04-28T12:45:32","date_gmt":"2017-04-28T09:45:32","guid":{"rendered":"http:\/\/indrek.veebikoda.com\/?page_id=342\/"},"modified":"2020-03-09T11:51:34","modified_gmt":"2020-03-09T09:51:34","slug":"contact","status":"publish","type":"page","link":"https:\/\/projektipea.ee\/en\/contact\/","title":{"rendered":"Contact"},"content":{"rendered":"\t\t<div data-elementor-type=\"wp-page\" data-elementor-id=\"342\" class=\"elementor elementor-342 elementor-8\" data-elementor-post-type=\"page\">\n\t\t\t\t\t\t<section class=\"elementor-section elementor-top-section elementor-element elementor-element-aqtgcvo elementor-section-stretched elementor-section-boxed elementor-section-height-default elementor-section-height-default\" data-id=\"aqtgcvo\" data-element_type=\"section\" data-e-type=\"section\" data-settings=\"{&quot;stretch_section&quot;:&quot;section-stretched&quot;}\">\n\t\t\t\t\t\t<div class=\"elementor-container elementor-column-gap-default\">\n\t\t\t\t\t<div class=\"elementor-column elementor-col-100 elementor-top-column elementor-element elementor-element-vgbndnb\" data-id=\"vgbndnb\" data-element_type=\"column\" data-e-type=\"column\">\n\t\t\t<div class=\"elementor-widget-wrap elementor-element-populated\">\n\t\t\t\t\t\t<div class=\"elementor-element elementor-element-wozwhbt elementor-widget elementor-widget-google_maps\" data-id=\"wozwhbt\" data-element_type=\"widget\" data-e-type=\"widget\" data-widget_type=\"google_maps.default\">\n\t\t\t\t<div class=\"elementor-widget-container\">\n\t\t\t\t\t\t\t<div class=\"elementor-custom-embed\">\n\t\t\t<iframe loading=\"lazy\"\n\t\t\t\t\tsrc=\"https:\/\/maps.google.com\/maps?q=Ehitajate%20tee%20114%2C%2013517%20Tallinn&#038;t=m&#038;z=13&#038;output=embed&#038;iwloc=near\"\n\t\t\t\t\ttitle=\"Ehitajate tee 114, 13517 Tallinn\"\n\t\t\t\t\taria-label=\"Ehitajate tee 114, 13517 Tallinn\"\n\t\t\t><\/iframe>\n\t\t<\/div>\n\t\t\t\t\t\t<\/div>\n\t\t\t\t<\/div>\n\t\t\t\t\t<\/div>\n\t\t<\/div>\n\t\t\t\t\t<\/div>\n\t\t<\/section>\n\t\t\t\t<section class=\"elementor-section elementor-top-section elementor-element elementor-element-teehcsv elementor-section-boxed elementor-section-height-default elementor-section-height-default\" data-id=\"teehcsv\" data-element_type=\"section\" data-e-type=\"section\">\n\t\t\t\t\t\t<div class=\"elementor-container elementor-column-gap-default\">\n\t\t\t\t\t<div class=\"elementor-column elementor-col-33 elementor-top-column elementor-element elementor-element-ayyxybb\" data-id=\"ayyxybb\" data-element_type=\"column\" data-e-type=\"column\">\n\t\t\t<div class=\"elementor-widget-wrap\">\n\t\t\t\t\t\t\t<\/div>\n\t\t<\/div>\n\t\t\t\t<div class=\"elementor-column elementor-col-33 elementor-top-column elementor-element elementor-element-zjbfyqx\" data-id=\"zjbfyqx\" data-element_type=\"column\" data-e-type=\"column\">\n\t\t\t<div class=\"elementor-widget-wrap elementor-element-populated\">\n\t\t\t\t\t\t<div class=\"elementor-element elementor-element-sfgnokk elementor-widget elementor-widget-text-editor\" data-id=\"sfgnokk\" data-element_type=\"widget\" data-e-type=\"widget\" data-widget_type=\"text-editor.default\">\n\t\t\t\t<div class=\"elementor-widget-container\">\n\t\t\t\t\t\t\t\t\t<h2>O\u00dc Projektipea<\/h2><p>Reg no 11276159<\/p><p>Ehitajate str 114<br \/>13517 Tallinn, Estonia<\/p><p>E-mail: info(\u00e4tt)projektipea.ee<\/p>\t\t\t\t\t\t\t\t<\/div>\n\t\t\t\t<\/div>\n\t\t\t\t\t<\/div>\n\t\t<\/div>\n\t\t\t\t<div class=\"elementor-column elementor-col-33 elementor-top-column elementor-element elementor-element-juhfkxk\" data-id=\"juhfkxk\" data-element_type=\"column\" data-e-type=\"column\">\n\t\t\t<div class=\"elementor-widget-wrap elementor-element-populated\">\n\t\t\t\t\t\t<div class=\"elementor-element elementor-element-vmjivkk elementor-widget elementor-widget-image\" data-id=\"vmjivkk\" data-element_type=\"widget\" data-e-type=\"widget\" data-widget_type=\"image.default\">\n\t\t\t\t<div class=\"elementor-widget-container\">\n\t\t\t\t\t\t\t\t\t\t\t\t\t\t\t<img decoding=\"async\" src=\"https:\/\/projektipea.ee\/wp-content\/uploads\/elementor\/thumbs\/EKEL_liige_logo_1-qhm4ja0edksk9zz4vr39dbsse1nhwl46eyl0l5ke8y.png\" title=\"EKEL_liige_logo_1\" alt=\"EKEL_liige_logo_1\" loading=\"lazy\" \/>\t\t\t\t\t\t\t\t\t\t\t\t\t\t\t<\/div>\n\t\t\t\t<\/div>\n\t\t\t\t\t<\/div>\n\t\t<\/div>\n\t\t\t\t\t<\/div>\n\t\t<\/section>\n\t\t\t\t<section class=\"elementor-section elementor-top-section elementor-element elementor-element-rgudrcf elementor-section-boxed elementor-section-height-default elementor-section-height-default\" data-id=\"rgudrcf\" data-element_type=\"section\" data-e-type=\"section\">\n\t\t\t\t\t\t<div class=\"elementor-container elementor-column-gap-default\">\n\t\t\t\t\t<div class=\"elementor-column elementor-col-100 elementor-top-column elementor-element elementor-element-axvmpxb\" data-id=\"axvmpxb\" data-element_type=\"column\" data-e-type=\"column\">\n\t\t\t<div class=\"elementor-widget-wrap elementor-element-populated\">\n\t\t\t\t\t\t<div class=\"elementor-element elementor-element-yarxuvs elementor-widget elementor-widget-spacer\" data-id=\"yarxuvs\" data-element_type=\"widget\" data-e-type=\"widget\" data-widget_type=\"spacer.default\">\n\t\t\t\t<div class=\"elementor-widget-container\">\n\t\t\t\t\t\t\t<div class=\"elementor-spacer\">\n\t\t\t<div class=\"elementor-spacer-inner\"><\/div>\n\t\t<\/div>\n\t\t\t\t\t\t<\/div>\n\t\t\t\t<\/div>\n\t\t\t\t\t<\/div>\n\t\t<\/div>\n\t\t\t\t\t<\/div>\n\t\t<\/section>\n\t\t\t\t<\/div>\n\t\t","protected":false},"excerpt":{"rendered":"<p>O\u00dc Projektipea Reg no 11276159 Ehitajate str 11413517 Tallinn, Estonia E-mail: info(\u00e4tt)projektipea.ee<\/p>\n","protected":false},"author":1,"featured_media":0,"parent":0,"menu_order":0,"comment_status":"closed","ping_status":"closed","template":"","meta":{"generate_page_header":"","footnotes":""},"class_list":["post-342","page","type-page","status-publish"],"yoast_head":"<!-- This site is optimized with the Yoast SEO plugin v27.3 - https:\/\/yoast.com\/product\/yoast-seo-wordpress\/ -->\n<title>Contact - Projektipea O\u00dc<\/title>\n<meta name=\"robots\" content=\"index, follow, max-snippet:-1, max-image-preview:large, max-video-preview:-1\" \/>\n<link rel=\"canonical\" href=\"https:\/\/projektipea.ee\/en\/contact\/\" \/>\n<meta property=\"og:locale\" content=\"en_US\" \/>\n<meta property=\"og:type\" content=\"article\" \/>\n<meta property=\"og:title\" content=\"Contact - Projektipea O\u00dc\" \/>\n<meta property=\"og:description\" content=\"O\u00dc Projektipea Reg no 11276159 Ehitajate str 11413517 Tallinn, Estonia E-mail: info(\u00e4tt)projektipea.ee\" \/>\n<meta property=\"og:url\" content=\"https:\/\/projektipea.ee\/en\/contact\/\" \/>\n<meta property=\"og:site_name\" content=\"Projektipea O\u00dc\" \/>\n<meta property=\"article:modified_time\" content=\"2020-03-09T09:51:34+00:00\" \/>\n<meta property=\"og:image\" content=\"https:\/\/projektipea.ee\/wp-content\/uploads\/elementor\/thumbs\/EKEL_liige_logo_1-omazuhxb73q6r6gom417xywlp12vzxzbp1es9ris6a.png\" \/>\n<meta name=\"twitter:card\" content=\"summary_large_image\" \/>\n<script type=\"application\/ld+json\" class=\"yoast-schema-graph\">{\"@context\":\"https:\\\/\\\/schema.org\",\"@graph\":[{\"@type\":\"WebPage\",\"@id\":\"https:\\\/\\\/projektipea.ee\\\/en\\\/contact\\\/\",\"url\":\"https:\\\/\\\/projektipea.ee\\\/en\\\/contact\\\/\",\"name\":\"Contact - Projektipea O\u00dc\",\"isPartOf\":{\"@id\":\"https:\\\/\\\/projektipea.ee\\\/#website\"},\"primaryImageOfPage\":{\"@id\":\"https:\\\/\\\/projektipea.ee\\\/en\\\/contact\\\/#primaryimage\"},\"image\":{\"@id\":\"https:\\\/\\\/projektipea.ee\\\/en\\\/contact\\\/#primaryimage\"},\"thumbnailUrl\":\"https:\\\/\\\/projektipea.ee\\\/wp-content\\\/uploads\\\/elementor\\\/thumbs\\\/EKEL_liige_logo_1-omazuhxb73q6r6gom417xywlp12vzxzbp1es9ris6a.png\",\"datePublished\":\"2017-04-28T09:45:32+00:00\",\"dateModified\":\"2020-03-09T09:51:34+00:00\",\"breadcrumb\":{\"@id\":\"https:\\\/\\\/projektipea.ee\\\/en\\\/contact\\\/#breadcrumb\"},\"inLanguage\":\"en-US\",\"potentialAction\":[{\"@type\":\"ReadAction\",\"target\":[\"https:\\\/\\\/projektipea.ee\\\/en\\\/contact\\\/\"]}]},{\"@type\":\"ImageObject\",\"inLanguage\":\"en-US\",\"@id\":\"https:\\\/\\\/projektipea.ee\\\/en\\\/contact\\\/#primaryimage\",\"url\":\"https:\\\/\\\/projektipea.ee\\\/wp-content\\\/uploads\\\/elementor\\\/thumbs\\\/EKEL_liige_logo_1-omazuhxb73q6r6gom417xywlp12vzxzbp1es9ris6a.png\",\"contentUrl\":\"https:\\\/\\\/projektipea.ee\\\/wp-content\\\/uploads\\\/elementor\\\/thumbs\\\/EKEL_liige_logo_1-omazuhxb73q6r6gom417xywlp12vzxzbp1es9ris6a.png\"},{\"@type\":\"BreadcrumbList\",\"@id\":\"https:\\\/\\\/projektipea.ee\\\/en\\\/contact\\\/#breadcrumb\",\"itemListElement\":[{\"@type\":\"ListItem\",\"position\":1,\"name\":\"Home\",\"item\":\"https:\\\/\\\/projektipea.ee\\\/\"},{\"@type\":\"ListItem\",\"position\":2,\"name\":\"Contact\"}]},{\"@type\":\"WebSite\",\"@id\":\"https:\\\/\\\/projektipea.ee\\\/#website\",\"url\":\"https:\\\/\\\/projektipea.ee\\\/\",\"name\":\"Projektipea O\u00dc\",\"description\":\"Design leadership professionals\",\"publisher\":{\"@id\":\"https:\\\/\\\/projektipea.ee\\\/#organization\"},\"potentialAction\":[{\"@type\":\"SearchAction\",\"target\":{\"@type\":\"EntryPoint\",\"urlTemplate\":\"https:\\\/\\\/projektipea.ee\\\/?s={search_term_string}\"},\"query-input\":{\"@type\":\"PropertyValueSpecification\",\"valueRequired\":true,\"valueName\":\"search_term_string\"}}],\"inLanguage\":\"en-US\"},{\"@type\":\"Organization\",\"@id\":\"https:\\\/\\\/projektipea.ee\\\/#organization\",\"name\":\"Projektipea O\u00dc\",\"url\":\"https:\\\/\\\/projektipea.ee\\\/\",\"logo\":{\"@type\":\"ImageObject\",\"inLanguage\":\"en-US\",\"@id\":\"https:\\\/\\\/projektipea.ee\\\/#\\\/schema\\\/logo\\\/image\\\/\",\"url\":\"https:\\\/\\\/projektipea.ee\\\/wp-content\\\/uploads\\\/2020\\\/01\\\/logo1.png\",\"contentUrl\":\"https:\\\/\\\/projektipea.ee\\\/wp-content\\\/uploads\\\/2020\\\/01\\\/logo1.png\",\"width\":310,\"height\":75,\"caption\":\"Projektipea O\u00dc\"},\"image\":{\"@id\":\"https:\\\/\\\/projektipea.ee\\\/#\\\/schema\\\/logo\\\/image\\\/\"}}]}<\/script>\n<!-- \/ Yoast SEO plugin. -->","yoast_head_json":{"title":"Contact - Projektipea O\u00dc","robots":{"index":"index","follow":"follow","max-snippet":"max-snippet:-1","max-image-preview":"max-image-preview:large","max-video-preview":"max-video-preview:-1"},"canonical":"https:\/\/projektipea.ee\/en\/contact\/","og_locale":"en_US","og_type":"article","og_title":"Contact - Projektipea O\u00dc","og_description":"O\u00dc Projektipea Reg no 11276159 Ehitajate str 11413517 Tallinn, Estonia E-mail: info(\u00e4tt)projektipea.ee","og_url":"https:\/\/projektipea.ee\/en\/contact\/","og_site_name":"Projektipea O\u00dc","article_modified_time":"2020-03-09T09:51:34+00:00","og_image":[{"url":"https:\/\/projektipea.ee\/wp-content\/uploads\/elementor\/thumbs\/EKEL_liige_logo_1-omazuhxb73q6r6gom417xywlp12vzxzbp1es9ris6a.png","type":"","width":"","height":""}],"twitter_card":"summary_large_image","schema":{"@context":"https:\/\/schema.org","@graph":[{"@type":"WebPage","@id":"https:\/\/projektipea.ee\/en\/contact\/","url":"https:\/\/projektipea.ee\/en\/contact\/","name":"Contact - Projektipea O\u00dc","isPartOf":{"@id":"https:\/\/projektipea.ee\/#website"},"primaryImageOfPage":{"@id":"https:\/\/projektipea.ee\/en\/contact\/#primaryimage"},"image":{"@id":"https:\/\/projektipea.ee\/en\/contact\/#primaryimage"},"thumbnailUrl":"https:\/\/projektipea.ee\/wp-content\/uploads\/elementor\/thumbs\/EKEL_liige_logo_1-omazuhxb73q6r6gom417xywlp12vzxzbp1es9ris6a.png","datePublished":"2017-04-28T09:45:32+00:00","dateModified":"2020-03-09T09:51:34+00:00","breadcrumb":{"@id":"https:\/\/projektipea.ee\/en\/contact\/#breadcrumb"},"inLanguage":"en-US","potentialAction":[{"@type":"ReadAction","target":["https:\/\/projektipea.ee\/en\/contact\/"]}]},{"@type":"ImageObject","inLanguage":"en-US","@id":"https:\/\/projektipea.ee\/en\/contact\/#primaryimage","url":"https:\/\/projektipea.ee\/wp-content\/uploads\/elementor\/thumbs\/EKEL_liige_logo_1-omazuhxb73q6r6gom417xywlp12vzxzbp1es9ris6a.png","contentUrl":"https:\/\/projektipea.ee\/wp-content\/uploads\/elementor\/thumbs\/EKEL_liige_logo_1-omazuhxb73q6r6gom417xywlp12vzxzbp1es9ris6a.png"},{"@type":"BreadcrumbList","@id":"https:\/\/projektipea.ee\/en\/contact\/#breadcrumb","itemListElement":[{"@type":"ListItem","position":1,"name":"Home","item":"https:\/\/projektipea.ee\/"},{"@type":"ListItem","position":2,"name":"Contact"}]},{"@type":"WebSite","@id":"https:\/\/projektipea.ee\/#website","url":"https:\/\/projektipea.ee\/","name":"Projektipea O\u00dc","description":"Design leadership professionals","publisher":{"@id":"https:\/\/projektipea.ee\/#organization"},"potentialAction":[{"@type":"SearchAction","target":{"@type":"EntryPoint","urlTemplate":"https:\/\/projektipea.ee\/?s={search_term_string}"},"query-input":{"@type":"PropertyValueSpecification","valueRequired":true,"valueName":"search_term_string"}}],"inLanguage":"en-US"},{"@type":"Organization","@id":"https:\/\/projektipea.ee\/#organization","name":"Projektipea O\u00dc","url":"https:\/\/projektipea.ee\/","logo":{"@type":"ImageObject","inLanguage":"en-US","@id":"https:\/\/projektipea.ee\/#\/schema\/logo\/image\/","url":"https:\/\/projektipea.ee\/wp-content\/uploads\/2020\/01\/logo1.png","contentUrl":"https:\/\/projektipea.ee\/wp-content\/uploads\/2020\/01\/logo1.png","width":310,"height":75,"caption":"Projektipea O\u00dc"},"image":{"@id":"https:\/\/projektipea.ee\/#\/schema\/logo\/image\/"}}]}},"_links":{"self":[{"href":"https:\/\/projektipea.ee\/en\/wp-json\/wp\/v2\/pages\/342","targetHints":{"allow":["GET"]}}],"collection":[{"href":"https:\/\/projektipea.ee\/en\/wp-json\/wp\/v2\/pages"}],"about":[{"href":"https:\/\/projektipea.ee\/en\/wp-json\/wp\/v2\/types\/page"}],"author":[{"embeddable":true,"href":"https:\/\/projektipea.ee\/en\/wp-json\/wp\/v2\/users\/1"}],"replies":[{"embeddable":true,"href":"https:\/\/projektipea.ee\/en\/wp-json\/wp\/v2\/comments?post=342"}],"version-history":[{"count":5,"href":"https:\/\/projektipea.ee\/en\/wp-json\/wp\/v2\/pages\/342\/revisions"}],"predecessor-version":[{"id":556,"href":"https:\/\/projektipea.ee\/en\/wp-json\/wp\/v2\/pages\/342\/revisions\/556"}],"wp:attachment":[{"href":"https:\/\/projektipea.ee\/en\/wp-json\/wp\/v2\/media?parent=342"}],"curies":[{"name":"wp","href":"https:\/\/api.w.org\/{rel}","templated":true}]}}